{"id":648,"date":"2025-03-19T14:21:10","date_gmt":"2025-03-19T13:21:10","guid":{"rendered":"https:\/\/gas.math.cnrs.fr\/?page_id=648"},"modified":"2025-10-20T14:18:13","modified_gmt":"2025-10-20T12:18:13","slug":"members","status":"publish","type":"page","link":"https:\/\/gas.math.cnrs.fr\/?page_id=648&lang=en","title":{"rendered":"Members"},"content":{"rendered":"\n<p>Information updated on Monday, October 20, 2025\n<h2>Statistics by institution<\/h2>\n<ul>\n<li>Aix-Marseille Universit\u00e9 : 9 members.<\/li>\n<li>CNRS : 1 member.<\/li>\n<li>CNRS et Aix-Marseille Universit\u00e9 : 1 member.<\/li>\n<li>CY Cergy Paris Universit\u00e9 : 1 member.<\/li>\n<li>ENS Lyon : 1 member.<\/li>\n<li>ENS Paris : 3 members.<\/li>\n<li>\u00c9cole Polytechnique : 7 members.<\/li>\n<li>IMJ-PRG : 39 members.<\/li>\n<li>Nantes Universit\u00e9 : 1 member.<\/li>\n<li>Universit\u00e9 Bretagne Sud : 1 member.<\/li>\n<li>Universit\u00e9 Claude Bernard Lyon 1 : 2 members.<\/li>\n<li>Universit\u00e9 C\u00f4te d&rsquo;Azur : 12 members.<\/li>\n<li>Universit\u00e9 d&rsquo;Angers : 18 members.<\/li>\n<li>Universit\u00e9 de Bordeaux : 12 members.<\/li>\n<li>Universit\u00e9 de Bourgogne : 14 members.<\/li>\n<li>Universit\u00e9 de Bretagne Occidentale : 5 members.<\/li>\n<li>Universit\u00e9 de Corse et l&rsquo;IHES : 1 member.<\/li>\n<li>Universit\u00e9 de la Polyn\u00e9sie fran\u00e7aise : 3 members.<\/li>\n<li>Universit\u00e9 de Lille : 13 members.<\/li>\n<li>Universit\u00e9 de Lorraine : 13 members.<\/li>\n<li>Universit\u00e9 de Montpellier : 11 members.<\/li>\n<li>Universit\u00e9 de Pau et des Pays de l&rsquo;Adour : 1 member.<\/li>\n<li>Universit\u00e9 de Poitiers : 6 members.<\/li>\n<li>Universit\u00e9 de Rennes : 6 members.<\/li>\n<li>Universit\u00e9 de Toulouse : 12 members.<\/li>\n<li>Universit\u00e9 de Versailles Saint-Quentin-en-Yvelines : 5 members.<\/li>\n<li>Universit\u00e9 Marie et Louis Pasteur : 1 member.<\/li>\n<li>Universit\u00e9 Paris-Saclay : 3 members.<\/li>\n<li>Universit\u00e9 Savoie Mont Blanc : 3 members.<\/li>\n<li>Universit\u00e9 Sorbonne Paris Nord : 3 members.<\/li>\n<\/ul>\n<h2>List of members<\/h2>\n<p>The list below contains only members who have agreed to appear in the members&rsquo; list.<\/p>\n<ol>\n<li>T\u00e9ofil Adamski, Universit\u00e9 Savoie Mont Blanc, <a href=\"https:\/\/tadamski.perso.math.cnrs.fr\/\">Web site<\/a><\/li>\n<li>Stefano Alo\u00e9, \u00c9cole Polytechnique<\/li>\n<li>Michele Ancona, Universit\u00e9 C\u00f4te d&rsquo;Azur, <a href=\"https:\/\/math.univ-cotedazur.fr\/~mancona\/\">Web site<\/a><\/li>\n<li>Yves Andr\u00e9, IMJ-PRG<\/li>\n<li>Abdallah Assi, Universit\u00e9 d&rsquo;Angers, <a href=\"https:\/\/math.univ-angers.fr\/~assi\/index.html\">Web site<\/a><\/li>\n<li>Mohamed Ayadi, Universit\u00e9 d&rsquo;Angers<\/li>\n<li>Bilal Balo, IMJ-PRG<\/li>\n<li>Lionel Bayle, Universit\u00e9 d&rsquo;Angers<\/li>\n<li>Arnaud Beauville, Universit\u00e9 C\u00f4te d&rsquo;Azur, <a href=\"https:\/\/math.univ-cotedazur.fr\/~beauvill\/\">Web site<\/a><\/li>\n<li>Andr\u00e9 Belotto da Silva, IMJ-PRG, <a href=\"andrebelotto.com\">Web site<\/a><\/li>\n<li>Vladimiro Benedetti, Universit\u00e9 C\u00f4te d&rsquo;Azur, <a href=\"https:\/\/sites.google.com\/site\/webpagevladimirobenedetti\">Web site<\/a><\/li>\n<li>Olivier Benoist, ENS Paris, <a href=\"https:\/\/www.math.ens.psl.eu\/~benoist\/\">Web site<\/a><\/li>\n<li>Pietro Beri, Universit\u00e9 de Lorraine, <a href=\"https:\/\/sites.google.com\/view\/pietroberiwebsite\">Web site<\/a><\/li>\n<li>Fran\u00e7ois Bernard, IMJ-PRG, <a href=\"https:\/\/www.francoisbernardmaths.fr\/\">Web site<\/a><\/li>\n<li>Marcello Bernardara, Universit\u00e9 de Toulouse<\/li>\n<li>Beno\u00eet Bertrand, Universit\u00e9 de Toulouse, <a href=\"https:\/\/www.math.univ-toulouse.fr\/~bbertrand\/\">Web site<\/a><\/li>\n<li>Margaret Bilu, \u00c9cole Polytechnique<\/li>\n<li>Gaetan Bisson, Universit\u00e9 de la Polyn\u00e9sie fran\u00e7aise, <a href=\"https:\/\/gaati.org\/bisson\/\">Web site<\/a><\/li>\n<li>Arnaud Bodin, Universit\u00e9 de Lille, <a href=\"https:\/\/arnbod.github.io\/\">Web site<\/a><\/li>\n<li>Samuel Boissi\u00e8re, Universit\u00e9 de Poitiers, <a href=\"https:\/\/www-math.univ-poitiers.fr\/~sboissie\/\">Web site<\/a><\/li>\n<li>Antoine Boivin, Universit\u00e9 d&rsquo;Angers, <a href=\"https:\/\/aboivin.pages.math.cnrs.fr\/\">Web site<\/a><\/li>\n<li>Michele Bolognesi, Universit\u00e9 de Montpellier, <a href=\"https:\/\/imag.umontpellier.fr\/~bolognesi\/\">Web site<\/a><\/li>\n<li>C\u00e9dric Bonnaf\u00e9, Universit\u00e9 de Montpellier, <a href=\"https:\/\/imag.umontpellier.fr\/~bonnafe\/\">Web site<\/a><\/li>\n<li>S\u00e9bastien Boucksom, IMJ-PRG, <a href=\"http:\/\/sebastien.boucksom.perso.math.cnrs.fr\/\">Web site<\/a><\/li>\n<li>Tristan Bozec, Universit\u00e9 d&rsquo;Angers, <a href=\"https:\/\/math.univ-angers.fr\/~bozec\/\">Web site<\/a><\/li>\n<li>Jean-Paul Brasselet, CNRS et Aix-Marseille Universit\u00e9<\/li>\n<li>Sylvain Brochard, Universit\u00e9 de Montpellier, <a href=\"https:\/\/imag.umontpellier.fr\/~brochard\/\">Web site<\/a><\/li>\n<li>Damian Brotbek, Universit\u00e9 de Lorraine<\/li>\n<li>Ama\u00ebl Broustet, Universit\u00e9 de Lille<\/li>\n<li>Yohan Brunebarbe, Universit\u00e9 de Bordeaux, <a href=\"https:\/\/www.math.u-bordeaux.fr\/~ybrunebarbe\/home_fr.html\">Web site<\/a><\/li>\n<li>Valerio Buttinelli, Universit\u00e9 de Bourgogne<\/li>\n<li>Beno\u00eet Cadorel, Universit\u00e9 de Lorraine, <a href=\"http:\/\/www.normalesup.org\/~bcadorel\/\">Web site<\/a><\/li>\n<li>Damien Calaque, Universit\u00e9 de Montpellier, <a href=\"https:\/\/imag.umontpellier.fr\/~calaque\/\">Web site<\/a><\/li>\n<li>Jean-Baptiste Campesato, Universit\u00e9 d&rsquo;Angers, <a href=\"https:\/\/math.univ-angers.fr\/~campesato\/\">Web site<\/a><\/li>\n<li>Pierrette Cassou-Nogues, Universit\u00e9 de Bordeaux<\/li>\n<li>Ana-Maria Castravet, Universit\u00e9 de Versailles Saint-Quentin-en-Yvelines, <a href=\"https:\/\/sites.google.com\/view\/castravet\/home\">Web site<\/a><\/li>\n<li>Mattia Cavicchi, Universit\u00e9 de Bourgogne<\/li>\n<li>Maxime Cazaux, IMJ-PRG, <a href=\"https:\/\/webusers.imj-prg.fr\/~maxime.cazaux\/\">Web site<\/a><\/li>\n<li>Victor CHACHAY, Universit\u00e9 de Bourgogne, <a href=\"https:\/\/personal-page.pages.math.cnrs.fr\/victor-chachay\/\">Web site<\/a><\/li>\n<li>Antoine Chambert-Loir, IMJ-PRG, <a href=\"https:\/\/webusers.imj-prg.fr\/~antoine.chambert-loir\/index.xhtml\">Web site<\/a><\/li>\n<li>Fran\u00e7ois Charles, ENS Paris, <a href=\"https:\/\/www.math.ens.psl.eu\/~charles\/\">Web site<\/a><\/li>\n<li>Yenni Cherik, Universit\u00e9 d&rsquo;Angers, <a href=\"https:\/\/sites.google.com\/view\/yenni-cheriks-homepage\/accueil\">Web site<\/a><\/li>\n<li>Alessandro Chiodo, IMJ-PRG, <a href=\"https:\/\/webusers.imj-prg.fr\/~alessandro.chiodo\/\">Web site<\/a><\/li>\n<li>Beno\u00eet Claudon, Universit\u00e9 de Rennes, <a href=\"https:\/\/perso.univ-rennes1.fr\/benoit.claudon\/\">Web site<\/a><\/li>\n<li>Gabriella Clemente, Universit\u00e9 de Corse et l&rsquo;IHES<\/li>\n<li>Raf Cluckers, Universit\u00e9 de Lille, <a href=\"https:\/\/rcluckers.perso.math.cnrs.fr\/\">Web site<\/a><\/li>\n<li>Thierry Combot, Universit\u00e9 de Bourgogne, <a href=\"http:\/\/combot.perso.math.cnrs.fr\/\">Web site<\/a><\/li>\n<li>Georges Comte, Universit\u00e9 Savoie Mont Blanc, <a href=\"https:\/\/georgescomte.perso.math.cnrs.fr\">Web site<\/a><\/li>\n<li>VINCENT COSSART, Universit\u00e9 de Versailles Saint-Quentin-en-Yvelines<\/li>\n<li>Jean-Marc Couveignes, Universit\u00e9 de Bordeaux, <a href=\"https:\/\/www.math.u-bordeaux.fr\/~jcouveig\/\">Web site<\/a><\/li>\n<li>Jean d&rsquo;Almeida, Universit\u00e9 de Lille<\/li>\n<li>R\u00e9mi Danain-Bertoncini, Universit\u00e9 de Rennes, <a href=\"https:\/\/rdanainbertoncini.pages.math.cnrs.fr\/site-web\/\">Web site<\/a><\/li>\n<li>Gentiana DANILA, IMJ-PRG, <a href=\"https:\/\/webusers.imj-prg.fr\/~gentiana.danila\/\">Web site<\/a><\/li>\n<li>Lionel Darondeau, IMJ-PRG<\/li>\n<li>Thomas Dedieu, Universit\u00e9 de Toulouse, <a href=\"http:\/\/www.math.univ-toulouse.fr\/~tdedieu\/\">Web site<\/a><\/li>\n<li>Thibaut Delcroix, Universit\u00e9 de Montpellier, <a href=\"https:\/\/delcroix.perso.math.cnrs.fr\/\">Web site<\/a><\/li>\n<li>R\u00e9mi Delloque, Universit\u00e9 de Bretagne Occidentale<\/li>\n<li>Cyril Demarche, IMJ-PRG, <a href=\"https:\/\/webusers.imj-prg.fr\/~cyril.demarche\/\">Web site<\/a><\/li>\n<li>Clara D\u00e9rand, Universit\u00e9 de Lorraine<\/li>\n<li>ELEONORA DI NEZZA, IMJ-PRG, <a href=\"https:\/\/perso.pages.math.cnrs.fr\/users\/eleonora.di-nezza\/\">Web site<\/a><\/li>\n<li>Joao Pedro dos Santos, Universit\u00e9 de Montpellier, <a href=\"https:\/\/imag.umontpellier.fr\/~dos-santos\/\">Web site<\/a><\/li>\n<li>Antoine Douai, Universit\u00e9 C\u00f4te d&rsquo;Azur<\/li>\n<li>St\u00e9phane Druel, Universit\u00e9 Claude Bernard Lyon 1, <a href=\"http:\/\/druel.perso.math.cnrs.fr\/index.html\">Web site<\/a><\/li>\n<li>Antoine Ducros, IMJ-PRG, <a href=\"http:\/\/webusers.imj-prg.fr\/~antoine.ducros\">Web site<\/a><\/li>\n<li>Cl\u00e9ment Dupont, Universit\u00e9 de Montpellier, <a href=\"https:\/\/imag.umontpellier.fr\/~dupont\/\">Web site<\/a><\/li>\n<li>Nicolas Dutertre, Universit\u00e9 d&rsquo;Angers, <a href=\"https:\/\/math.univ-angers.fr\/member\/dutertre-nicolas\/\">Web site<\/a><\/li>\n<li>Antoine Etesse, ENS Lyon, <a href=\"https:\/\/sites.google.com\/view\/antoine-etesse\/accueil\">Web site<\/a><\/li>\n<li>Laurent Evain, Universit\u00e9 d&rsquo;Angers, <a href=\"https:\/\/math.univ-angers.fr\/perso\/evain\/\">Web site<\/a><\/li>\n<li>Daniele Faenzi, Universit\u00e9 de Bourgogne, <a href=\"https:\/\/dfaenzi.perso.math.cnrs.fr\/\">Web site<\/a><\/li>\n<li>Andrea Fanelli, Universit\u00e9 de Bordeaux, <a href=\"http:\/\/andrea.fanelli.perso.math.cnrs.fr\/\">Web site<\/a><\/li>\n<li>Lorenzo Fantini, \u00c9cole Polytechnique, <a href=\"https:\/\/lorenzofantini.eu\/\">Web site<\/a><\/li>\n<li>Aur\u00e9lien Faucher, Universit\u00e9 de Lorraine<\/li>\n<li>Charles Favre, \u00c9cole Polytechnique, <a href=\"https:\/\/perso.pages.math.cnrs.fr\/users\/charles.favre\/\">Web site<\/a><\/li>\n<li>Mattias FERREIRA&#8211;FILORAMO, IMJ-PRG<\/li>\n<li>Goulwen Fichou, Universit\u00e9 de Rennes<\/li>\n<li>Vincent Florens, Universit\u00e9 de Pau et des Pays de l&rsquo;Adour, <a href=\"https:\/\/sites.google.com\/view\/vflorens\/accueil\">Web site<\/a><\/li>\n<li>Enrica Floris, Universit\u00e9 de Poitiers, <a href=\"http:\/\/www-math.sp2mi.univ-poitiers.fr\/~efloris\/\">Web site<\/a><\/li>\n<li>Arthur Forey, Universit\u00e9 de Lille, <a href=\"https:\/\/pro.univ-lille.fr\/arthur-forey\/\">Web site<\/a><\/li>\n<li>Lucas Fresse, Universit\u00e9 de Lorraine<\/li>\n<li>William Fr\u00e9mont, Universit\u00e9 d&rsquo;Angers<\/li>\n<li>Andr\u00e9 Galligo, Universit\u00e9 C\u00f4te d&rsquo;Azur<\/li>\n<li>Elba Garcia-Failde, IMJ-PRG, <a href=\"https:\/\/elbagarciafailde.wixsite.com\/math\">Web site<\/a><\/li>\n<li>Yuxin Ge, Universit\u00e9 de Toulouse<\/li>\n<li>Yohann Genzmer, Universit\u00e9 de Toulouse<\/li>\n<li>Lucas Gierczak, Aix-Marseille Universit\u00e9, <a href=\"https:\/\/perso.pages.math.cnrs.fr\/users\/lucas.gierczak\/\">Web site<\/a><\/li>\n<li>Danielle Gondard, IMJ-PRG<\/li>\n<li>Michel Granger, Universit\u00e9 d&rsquo;Angers, <a href=\"http:\/\/math.univ-angers.fr\/~granger\">Web site<\/a><\/li>\n<li>Julien Grivaux, IMJ-PRG, <a href=\"https:\/\/jgrivaux.perso.math.cnrs.fr\/\">Web site<\/a><\/li>\n<li>Michel Gros, Universit\u00e9 de Rennes, <a href=\"https:\/\/microlgros.github.io\/webpage\/\">Web site<\/a><\/li>\n<li>Caroline Gruson, Universit\u00e9 de Lorraine<\/li>\n<li>Vincent Guedj, Universit\u00e9 de Toulouse, <a href=\"https:\/\/www.math.univ-toulouse.fr\/~guedj\/\">Web site<\/a><\/li>\n<li>Henri Guenancia, Universit\u00e9 de Bordeaux, <a href=\"https:\/\/hguenancia.perso.math.cnrs.fr\/\">Web site<\/a><\/li>\n<li>Gabriela Gutierrez Guillen, Universit\u00e9 Marie et Louis Pasteur, <a href=\"https:\/\/www.researchgate.net\/profile\/Gabriela-Gutierrez-Guillen\">Web site<\/a><\/li>\n<li>Frederic Han, IMJ-PRG, <a href=\"http:\/\/webusers.imj-prg.fr\/~frederic.han\/\">Web site<\/a><\/li>\n<li>Liana Heuberger, Aix-Marseille Universit\u00e9<\/li>\n<li>Michel Hickel, Universit\u00e9 de Bordeaux<\/li>\n<li>Andreas H\u00f6ring, Universit\u00e9 C\u00f4te d&rsquo;Azur, <a href=\"https:\/\/math.univ-cotedazur.fr\/~hoering\/\">Web site<\/a><\/li>\n<li>Chuhao Huang, ENS Paris<\/li>\n<li>Louis Ioos, CY Cergy Paris Universit\u00e9, <a href=\"http:\/\/louisioos.github.io\/\">Web site<\/a><\/li>\n<li>Nicolina Istrati, Universit\u00e9 d&rsquo;Angers, <a href=\"https:\/\/sites.google.com\/site\/nicolinaistrati\/\">Web site<\/a><\/li>\n<li>Ilia Itenberg, IMJ-PRG<\/li>\n<li>Diego Izquierdo, \u00c9cole Polytechnique, <a href=\"https:\/\/perso.pages.math.cnrs.fr\/users\/diego.izquierdo\/\">Web site<\/a><\/li>\n<li>Th\u00e9o Jaudon, Universit\u00e9 de Rennes<\/li>\n<li>Thibault Juillard, Universit\u00e9 Paris-Saclay, <a href=\"https:\/\/www.imo.universite-paris-saclay.fr\/fr\/perso\/thibault-juillard\/\">Web site<\/a><\/li>\n<li>Julien Keller, Aix-Marseille Universit\u00e9, <a href=\"https:\/\/www.i2m.univ-amu.fr\/perso\/julien.keller\/Julien-KELLER.html\">Web site<\/a><\/li>\n<li>Guillaume Kineider, Aix-Marseille Universit\u00e9<\/li>\n<li>Bruno Klingler, IMJ-PRG<\/li>\n<li>Vladimir Kostov, Universit\u00e9 C\u00f4te d&rsquo;Azur<\/li>\n<li>R\u00e9mi Langevin, Universit\u00e9 de Bourgogne<\/li>\n<li>Andr\u00e9 Lapuyade, Universit\u00e9 de Poitiers<\/li>\n<li>Emmanuel Lepage, IMJ-PRG, <a href=\"https:\/\/webusers.imj-prg.fr\/~emmanuel.lepage\/\">Web site<\/a><\/li>\n<li>Thierry Levasseur, Universit\u00e9 de Bretagne Occidentale, <a href=\"https:\/\/www.univ-brest.fr\/laboratoire-mathematiques-bretagne-atlantique\/fr\">Web site<\/a><\/li>\n<li>Qing Liu, Universit\u00e9 de Bordeaux<\/li>\n<li>Zhining Liu, Universit\u00e9 de Poitiers, <a href=\"https:\/\/sites.google.com\/view\/zhining\">Web site<\/a><\/li>\n<li>Fran\u00e7ois Loeser, IMJ-PRG<\/li>\n<li>Hoang-Chinh LU, Universit\u00e9 d&rsquo;Angers, <a href=\"https:\/\/hoangchinh-lu.perso.math.cnrs.fr\">Web site<\/a><\/li>\n<li>Sergey Lysenko, Universit\u00e9 de Lorraine, <a href=\"https:\/\/lysenko.perso.math.cnrs.fr\">Web site<\/a><\/li>\n<li>Fay\u00e7al Maaref, Universit\u00e9 de Bordeaux<\/li>\n<li>Krishna Kumar Madhavan Vijayalakshmi, Universit\u00e9 de Bourgogne, <a href=\"https:\/\/krishmv.github.io\/\">Web site<\/a><\/li>\n<li>Vincent Maillot, IMJ-PRG<\/li>\n<li>Fr\u00e9d\u00e9ric Mangolte, Aix-Marseille Universit\u00e9, <a href=\"https:\/\/www.i2m.univ-amu.fr\/perso\/frederic.mangolte\/\">Web site<\/a><\/li>\n<li>Laurent Manivel, Universit\u00e9 de Toulouse, <a href=\"https:\/\/manivel.perso.math.cnrs.fr\/new.html\">Web site<\/a><\/li>\n<li>etienne mann, Universit\u00e9 d&rsquo;Angers, <a href=\"https:\/\/www.math.univ-angers.fr\/~mann\/Pagepersonnelle\/1\/index.html\">Web site<\/a><\/li>\n<li>Pavao Mardesic, Universit\u00e9 de Bourgogne<\/li>\n<li>Dimitri Markushevich, Universit\u00e9 de Lille<\/li>\n<li>Stefano Marseglia, Universit\u00e9 C\u00f4te d&rsquo;Azur, <a href=\"https:\/\/stmar89.github.io\/\">Web site<\/a><\/li>\n<li>Micka\u00ebl Matusinski, Universit\u00e9 de Bordeaux, <a href=\"https:\/\/sites.google.com\/site\/mickaelmatusinski\/Home\">Web site<\/a><\/li>\n<li>Mirko Mauri, IMJ-PRG, <a href=\"https:\/\/sites.google.com\/view\/mirko-mauri\">Web site<\/a><\/li>\n<li>Enrica Mazzon, IMJ-PRG, <a href=\"https:\/\/sites.google.com\/view\/enrica-mazzon\">Web site<\/a><\/li>\n<li>Laurent Meersseman, Universit\u00e9 d&rsquo;Angers<\/li>\n<li>Vler\u00eb Mehmeti, IMJ-PRG<\/li>\n<li>Junyu MENG, Universit\u00e9 de Toulouse<\/li>\n<li>Antoine M\u00e9doc, Universit\u00e9 de Montpellier, <a href=\"https:\/\/perso.eleves.ens-rennes.fr\/people\/antoine.medoc\/\">Web site<\/a><\/li>\n<li>Damien M\u00e9gy, Universit\u00e9 de Lorraine<\/li>\n<li>Fran\u00e7oise Michel, Universit\u00e9 de Toulouse<\/li>\n<li>Pierre-Louis Montagard, Universit\u00e9 de Montpellier, <a href=\"https:\/\/montagar.perso.math.cnrs.fr\/\">Web site<\/a><\/li>\n<li>Anne Moreau, Universit\u00e9 Paris-Saclay<\/li>\n<li>Lucy Moser-Jauslin, Universit\u00e9 de Bourgogne<\/li>\n<li>Christophe Mourougane, Universit\u00e9 de Rennes, <a href=\"https:\/\/perso.univ-rennes1.fr\/christophe.mourougane\/\">Web site<\/a><\/li>\n<li>Hussein Mourtada, IMJ-PRG, <a href=\"https:\/\/webusers.imj-prg.fr\/~hussein.mourtada\/\">Web site<\/a><\/li>\n<li>Johannes Nagel, Universit\u00e9 de Bourgogne<\/li>\n<li>Karl Oeljeklaus, Aix-Marseille Universit\u00e9, <a href=\"https:\/\/www.i2m.univ-amu.fr\">Web site<\/a><\/li>\n<li>Roger Oyono, Universit\u00e9 de la Polyn\u00e9sie fran\u00e7aise, <a href=\"https:\/\/gaati.org\/oyono\/\">Web site<\/a><\/li>\n<li>Gianluca Pacienza, Universit\u00e9 de Lorraine, <a href=\"https:\/\/iecl.univ-lorraine.fr\/member-iecl\/pacienza-gianluca\/\">Web site<\/a><\/li>\n<li>Tudor Padurariu, IMJ-PRG, <a href=\"https:\/\/sites.google.com\/view\/tudorpadurariu\/home\">Web site<\/a><\/li>\n<li>Adam Parusinski, Universit\u00e9 C\u00f4te d&rsquo;Azur, <a href=\"https:\/\/math.univ-cotedazur.fr\/~parus\/\">Web site<\/a><\/li>\n<li>Tangi Pasquer, IMJ-PRG<\/li>\n<li>Boris Pasquier, Universit\u00e9 de Poitiers, <a href=\"http:\/\/www-math.sp2mi.univ-poitiers.fr\/~bpasquie\/\">Web site<\/a><\/li>\n<li>Keyao Peng, Universit\u00e9 de Bourgogne, <a href=\"https:\/\/iamcxds.github.io\/\">Web site<\/a><\/li>\n<li>Nicolas Perrin, \u00c9cole Polytechnique, <a href=\"https:\/\/perso.pages.math.cnrs.fr\/users\/nicolas.perrin\/\">Web site<\/a><\/li>\n<li>christian Peskinech, IMJ-PRG<\/li>\n<li>Bastien Philippe, Universit\u00e9 de Lorraine<\/li>\n<li>Anne Pichon, Aix-Marseille Universit\u00e9<\/li>\n<li>Olivier Piltant, Universit\u00e9 de Versailles Saint-Quentin-en-Yvelines<\/li>\n<li>Massimo Pippi, Universit\u00e9 d&rsquo;Angers<\/li>\n<li>Luc Pirio, Universit\u00e9 de Versailles Saint-Quentin-en-Yvelines, <a href=\"https:\/\/lmv.math.cnrs.fr\/laboratoire\/annuaire\/members-du-laboratoire\/luc-pirio\/\">Web site<\/a><\/li>\n<li>Pierre-Guy Plamondon, Universit\u00e9 de Versailles Saint-Quentin-en-Yvelines, <a href=\"https:\/\/lmv.math.cnrs.fr\/laboratoire\/annuaire\/members-du-laboratoire\/pierre-guy-plamondon\/\">Web site<\/a><\/li>\n<li>Camille Pl\u00e9nat, Aix-Marseille Universit\u00e9<\/li>\n<li>Patrick Popescu-Pampu, Universit\u00e9 de Lille, <a href=\"https:\/\/pro.univ-lille.fr\/patrick-popescu-pampu\/\">Web site<\/a><\/li>\n<li>Dan Popovici, Universit\u00e9 de Toulouse, <a href=\"https:\/\/www.math.univ-toulouse.fr\/~popovici\/\">Web site<\/a><\/li>\n<li>Geoffrey Powell, Universit\u00e9 d&rsquo;Angers<\/li>\n<li>Fabien Priziac, Universit\u00e9 Bretagne Sud, <a href=\"http:\/\/web.univ-ubs.fr\/lmba\/priziac\/\">Web site<\/a><\/li>\n<li>Michel Raibaut, Universit\u00e9 Savoie Mont Blanc, <a href=\"https:\/\/raibautm.perso.math.cnrs.fr\/\">Web site<\/a><\/li>\n<li>Jasmin Raissy, Universit\u00e9 de Bordeaux<\/li>\n<li>Sidonie Ratajczak, Universit\u00e9 de Lille<\/li>\n<li>Gabriele REMBADO, Universit\u00e9 de Montpellier, <a href=\"https:\/\/sites.google.com\/view\/gabrielerembado\/home\">Web site<\/a><\/li>\n<li>Arthur Renaudineau, Universit\u00e9 de Lille<\/li>\n<li>Francesca Rizzo, IMJ-PRG<\/li>\n<li>Marco ROBALO, IMJ-PRG, <a href=\"https:\/\/marco-robalo.perso.math.cnrs.fr\">Web site<\/a><\/li>\n<li>Jean-Philippe Rolin, Universit\u00e9 de Bourgogne, <a href=\"https:\/\/rolin.perso.math.cnrs.fr\/\">Web site<\/a><\/li>\n<li>Guillaume Rond, Aix-Marseille Universit\u00e9, <a href=\"https:\/\/www.i2m.univ-amu.fr\/perso\/guillaume.rond\/\">Web site<\/a><\/li>\n<li>Xavier Roulleau, Universit\u00e9 d&rsquo;Angers, <a href=\"https:\/\/sites.google.com\/view\/xavierroulleau\/accueil\">Web site<\/a><\/li>\n<li>Erwan Rousseau, Universit\u00e9 de Bretagne Occidentale, <a href=\"http:\/\/eroussea.perso.math.cnrs.fr\/\">Web site<\/a><\/li>\n<li>Matteo Ruggiero, IMJ-PRG, <a href=\"https:\/\/webusers.imj-prg.fr\/~matteo.ruggiero\/\">Web site<\/a><\/li>\n<li>Claude Sabbah, \u00c9cole Polytechnique, <a href=\"https:\/\/perso.pages.math.cnrs.fr\/users\/claude.sabbah\">Web site<\/a><\/li>\n<li>Adrien Sauvaget, Universit\u00e9 de Toulouse, <a href=\"https:\/\/sauvaget.perso.math.cnrs.fr\/\">Web site<\/a><\/li>\n<li>Enrico Savi, Universit\u00e9 C\u00f4te d&rsquo;Azur, <a href=\"https:\/\/enricosavi95.wixsite.com\/enrico-savi\">Web site<\/a><\/li>\n<li>Federico Scavia, Universit\u00e9 Sorbonne Paris Nord, <a href=\"https:\/\/www.math.univ-paris13.fr\/~scavia\/\">Web site<\/a><\/li>\n<li>Pierre Schapira, IMJ-PRG, <a href=\"url: http:\/\/webusers.imj-prg.fr\/~pierre.schapira\/\">Web site<\/a><\/li>\n<li>Julia Schneider, Universit\u00e9 de Bourgogne<\/li>\n<li>Olivier Serman, Universit\u00e9 de Lille<\/li>\n<li>Tamara Servi, IMJ-PRG<\/li>\n<li>Christoph Sorger, Nantes Universit\u00e9, <a href=\"https:\/\/www.math.sciences.univ-nantes.fr\/~sorger\">Web site<\/a><\/li>\n<li>Mark Spivakovsky, Universit\u00e9 de Toulouse<\/li>\n<li>Matteo Tamiozzo, Universit\u00e9 Sorbonne Paris Nord, <a href=\"https:\/\/www.math.univ-paris13.fr\/~tamiozzo\/\">Web site<\/a><\/li>\n<li>Azad Tasan, Universit\u00e9 C\u00f4te d&rsquo;Azur<\/li>\n<li>Bernard Teissier, CNRS, <a href=\"www.imj-prg.fr\/~bernard.teissier\/\">Web site<\/a><\/li>\n<li>Ronan Terpereau, Universit\u00e9 de Lille, <a href=\"http:\/\/ronan.terpereau.perso.math.cnrs.fr\/\">Web site<\/a><\/li>\n<li>Jean-Baptiste Teyssier, IMJ-PRG, <a href=\"http:\/\/jbteyssier.com\">Web site<\/a><\/li>\n<li>Rodrigo Thomaz da Silva, Universit\u00e9 de Lille<\/li>\n<li>Mihai Marius Tibar, Universit\u00e9 de Lille, <a href=\"https:\/\/sites.google.com\/view\/mihai-tibar\">Web site<\/a><\/li>\n<li>Carl Tipler, Universit\u00e9 de Bretagne Occidentale, <a href=\"http:\/\/lmba.math.univ-brest.fr\/perso\/carl.tipler\/index2.html\">Web site<\/a><\/li>\n<li>Tat Dat To, IMJ-PRG, <a href=\"https:\/\/sites.google.com\/site\/totatdatmath\">Web site<\/a><\/li>\n<li>Matei Toma, Universit\u00e9 de Lorraine<\/li>\n<li>Nikola Tomic, Universit\u00e9 de Montpellier, <a href=\"https:\/\/imag.umontpellier.fr\/~tomic\/\">Web site<\/a><\/li>\n<li>Dajano Tossici, Universit\u00e9 de Bordeaux<\/li>\n<li>Ricardo Uribe-Vargas, Universit\u00e9 de Bourgogne<\/li>\n<li>Jean Vall\u00e8s, Universit\u00e9 de la Polyn\u00e9sie fran\u00e7aise, <a href=\"https:\/\/jvalles.perso.univ-pau.fr\/\">Web site<\/a><\/li>\n<li>Matteo Verni, IMJ-PRG, <a href=\"https:\/\/sites.google.com\/view\/matteo-verni-math\/\">Web site<\/a><\/li>\n<li>Lucas Veyssiere, Universit\u00e9 de Poitiers<\/li>\n<li>Laurine Weibel, Universit\u00e9 de Bretagne Occidentale, <a href=\"https:\/\/sites.google.com\/view\/laurine-weibel\/\">Web site<\/a><\/li>\n<li>Jean-Yves Welschinger, Universit\u00e9 Claude Bernard Lyon 1, <a href=\"https:\/\/math.univ-lyon1.fr\/~welschinger\/\">Web site<\/a><\/li>\n<li>Olivier Wittenberg, Universit\u00e9 Sorbonne Paris Nord, <a href=\"https:\/\/www.math.univ-paris13.fr\/~wittenberg\/\">Web site<\/a><\/li>\n<li>Xiaojun Wu, Universit\u00e9 C\u00f4te d&rsquo;Azur<\/li>\n<li>Zhixin Xie, Universit\u00e9 de Lorraine<\/li>\n<li>Xiaohan Yan, IMJ-PRG, <a href=\"https:\/\/sites.google.com\/view\/xiaohanyan\">Web site<\/a><\/li>\n<li>Egor Yasinsky, Universit\u00e9 de Bordeaux, <a href=\"https:\/\/www.yasinskyegor.com\/\">Web site<\/a><\/li>\n<li>Susanna Zimmermann, Universit\u00e9 Paris-Saclay, <a href=\"https:\/\/susannazimmermann.github.io\">Web site<\/a><\/li>\n<\/ol>\n\n","protected":false},"excerpt":{"rendered":"<p>Information updated on Monday, October 20, 2025 Statistics by institution Aix-Marseille Universit\u00e9 : 9 members. CNRS : 1 member. CNRS et Aix-Marseille Universit\u00e9 : 1 member. CY Cergy Paris Universit\u00e9 : 1 member. ENS Lyon : 1 member. ENS Paris : 3 members. \u00c9cole Polytechnique : 7 members. IMJ-PRG : 39 members. Nantes Universit\u00e9 : [&hellip;]<\/p>\n","protected":false},"author":1,"featured_media":0,"parent":0,"menu_order":0,"comment_status":"closed","ping_status":"closed","template":"","meta":{"footnotes":""},"class_list":["post-648","page","type-page","status-publish","hentry"],"_links":{"self":[{"href":"https:\/\/gas.math.cnrs.fr\/index.php?rest_route=\/wp\/v2\/pages\/648","targetHints":{"allow":["GET"]}}],"collection":[{"href":"https:\/\/gas.math.cnrs.fr\/index.php?rest_route=\/wp\/v2\/pages"}],"about":[{"href":"https:\/\/gas.math.cnrs.fr\/index.php?rest_route=\/wp\/v2\/types\/page"}],"author":[{"embeddable":true,"href":"https:\/\/gas.math.cnrs.fr\/index.php?rest_route=\/wp\/v2\/users\/1"}],"replies":[{"embeddable":true,"href":"https:\/\/gas.math.cnrs.fr\/index.php?rest_route=%2Fwp%2Fv2%2Fcomments&post=648"}],"version-history":[{"count":4,"href":"https:\/\/gas.math.cnrs.fr\/index.php?rest_route=\/wp\/v2\/pages\/648\/revisions"}],"predecessor-version":[{"id":737,"href":"https:\/\/gas.math.cnrs.fr\/index.php?rest_route=\/wp\/v2\/pages\/648\/revisions\/737"}],"wp:attachment":[{"href":"https:\/\/gas.math.cnrs.fr\/index.php?rest_route=%2Fwp%2Fv2%2Fmedia&parent=648"}],"curies":[{"name":"wp","href":"https:\/\/api.w.org\/{rel}","templated":true}]}}