{"id":29,"date":"2023-12-22T17:01:50","date_gmt":"2023-12-22T16:01:50","guid":{"rendered":"https:\/\/gas.math.cnrs.fr\/?page_id=29"},"modified":"2025-04-10T09:23:03","modified_gmt":"2025-04-10T07:23:03","slug":"presentation","status":"publish","type":"page","link":"https:\/\/gas.math.cnrs.fr\/?page_id=29","title":{"rendered":"Pr\u00e9sentation"},"content":{"rendered":"\n<h4 class=\"wp-block-heading\"><strong>Introduction<\/strong><\/h4>\n\n\n\n<p>Ce RT a \u00e9t\u00e9 cr\u00e9\u00e9 en janvier 2024 et a pour objectif de rassembler des math\u00e9maticiennes et math\u00e9maticiens travaillant dans le domaine de la g\u00e9om\u00e9trie alg\u00e9brique\/g\u00e9om\u00e9trie complexe, des singularit\u00e9s, et des \u00e9quations fonctionnelles, autour des axes suivants :<\/p>\n\n\n\n<ul class=\"wp-block-list\">\n<li>Axe GAGC : G\u00e9om\u00e9trie Alg\u00e9brique et G\u00e9om\u00e9trie Complexe ;<\/li>\n\n\n\n<li>Axe Singularit\u00e9s : Singularit\u00e9s et Applications ;<\/li>\n\n\n\n<li>Axe EFI : \u00c9quations Fonctionnelles et Interactions.<\/li>\n<\/ul>\n\n\n\n<h4 class=\"wp-block-heading\"><strong>Missions<\/strong><\/h4>\n\n\n\n<ul class=\"wp-block-list\">\n<li>Promouvoir et d\u00e9velopper les contacts entre chercheuses et chercheurs ;<\/li>\n\n\n\n<li>Soutenir les doctorantes et doctorants ainsi que les jeunes docteures et docteurs : compl\u00e9ments de formation, aide aux d\u00e9placements, etc. ;<\/li>\n\n\n\n<li>Soutenir l&rsquo;organisation de colloques et de workshops dans les th\u00e9matiques du RT.<\/li>\n<\/ul>\n\n\n\n<h4 class=\"wp-block-heading\"><strong>P\u00e9rim\u00e8tre scientifique<\/strong><\/h4>\n\n\n\n<p>Le RT GAS couvre un grand nombre de sujets en g\u00e9om\u00e9trie alg\u00e9brique, g\u00e9om\u00e9trie complexe, th\u00e9orie des singularit\u00e9s et leurs applications \u00e0 des sujets connexes. Plus de d\u00e9tails sont donn\u00e9s dans la pr\u00e9sentation de chaque axe : <a href=\"https:\/\/gas.math.cnrs.fr\/axe-geometrie-algebrique-et-geometrie-complexe\/\">GAGC<\/a>, <a href=\"https:\/\/gas.math.cnrs.fr\/axe-singularites\/\">Singularit\u00e9s<\/a> et <a href=\"https:\/\/gas.math.cnrs.fr\/axe-equations-fonctionnelles-et-interaction\/\">EFI<\/a>.<\/p>\n\n\n\n<h4 class=\"wp-block-heading\"><strong>Coordination du RT<\/strong><\/h4>\n\n\n\n<p>Le RT est actuellement coordonn\u00e9 par Andr\u00e9 Belotto da Silva (directeur), S\u00e9bastien Boucksom (directeur adjoint) et Tamara Servi (responsable de l&rsquo;axe EFI), avec l\u2019aide d\u2019un comit\u00e9 scientifique compos\u00e9 de 12 membres : Olivier Benoist ;&nbsp;Yohan Brunebarbe ;&nbsp;Jean-Baptiste Campesato ;&nbsp;Raf Cluckers ;&nbsp;St\u00e9phane Druel ;&nbsp;Daniele Faenzi ;&nbsp;Lorenzo Fantini ;&nbsp;Charles Favre ;&nbsp;Andreas H\u00f6ring ;&nbsp;Anne Pichon ;&nbsp;Guillaume Rond;&nbsp;Susanna Zimmermann.<\/p>\n\n\n\n<h4 class=\"wp-block-heading\"><strong>Adresse postale<\/strong><\/h4>\n\n\n\n<p>Institut de Math\u00e9matiques de Jussieu-Paris Rive Gauche, <br>B\u00e2timent Sophie Germain,<br>75205 Paris Cedex 13, France.<br>T\u00e9l\u00e9phone : +33 01 57 27 92 07<br>Email : andre.belotto_AT_imj-prg.fr<\/p>\n\n\n\n<h4 class=\"wp-block-heading\"><strong>Gen\u00e8se du RT<\/strong><\/h4>\n\n\n\n<p>Le RT G\u00e9om\u00e9trie alg\u00e9brique et singularit\u00e9s (RT GAS) est issu de la fusion des deux GDR \u00abG\u00e9om\u00e9trie alg\u00e9brique et g\u00e9om\u00e9trie complexe\u00bb (<a href=\"https:\/\/gdrgagc.pages.math.cnrs.fr\/pageweb\/index.html\">GDR GAGC<\/a>) et GDR \u00abSingularit\u00e9s et applications\u00bb (<a href=\"https:\/\/gdrsingularites.math.cnrs.fr\/\">GDR Singularit\u00e9s<\/a>)  avec une partie du GDR transverse \u00ab\u00c9quations fonctionnelles et interactions\u00bb (<a href=\"https:\/\/www-fourier.univ-grenoble-alpes.fr\/gdrefi\/\">GDR EFI<\/a>).<\/p>\n\n\n\n<h4 class=\"wp-block-heading\"><strong>Remerciements<\/strong><\/h4>\n\n\n\n<p>Nous souhaitons remercier Jean-Baptiste Campesato pour la conception et le d\u00e9veloppement de ce site web, ainsi qu\u2019Adrien Dubouloz pour la cr\u00e9ation de la banni\u00e8re du site !<\/p>\n","protected":false},"excerpt":{"rendered":"<p>Introduction Ce RT a \u00e9t\u00e9 cr\u00e9\u00e9 en janvier 2024 et a pour objectif de rassembler des math\u00e9maticiennes et math\u00e9maticiens travaillant dans le domaine de la g\u00e9om\u00e9trie alg\u00e9brique\/g\u00e9om\u00e9trie complexe, des singularit\u00e9s, et des \u00e9quations fonctionnelles, autour des axes suivants : Missions P\u00e9rim\u00e8tre scientifique Le RT GAS couvre un grand nombre de sujets en g\u00e9om\u00e9trie alg\u00e9brique, g\u00e9om\u00e9trie [&hellip;]<\/p>\n","protected":false},"author":1,"featured_media":0,"parent":0,"menu_order":0,"comment_status":"closed","ping_status":"closed","template":"","meta":{"footnotes":""},"class_list":["post-29","page","type-page","status-publish","hentry"],"_links":{"self":[{"href":"https:\/\/gas.math.cnrs.fr\/index.php?rest_route=\/wp\/v2\/pages\/29","targetHints":{"allow":["GET"]}}],"collection":[{"href":"https:\/\/gas.math.cnrs.fr\/index.php?rest_route=\/wp\/v2\/pages"}],"about":[{"href":"https:\/\/gas.math.cnrs.fr\/index.php?rest_route=\/wp\/v2\/types\/page"}],"author":[{"embeddable":true,"href":"https:\/\/gas.math.cnrs.fr\/index.php?rest_route=\/wp\/v2\/users\/1"}],"replies":[{"embeddable":true,"href":"https:\/\/gas.math.cnrs.fr\/index.php?rest_route=%2Fwp%2Fv2%2Fcomments&post=29"}],"version-history":[{"count":25,"href":"https:\/\/gas.math.cnrs.fr\/index.php?rest_route=\/wp\/v2\/pages\/29\/revisions"}],"predecessor-version":[{"id":671,"href":"https:\/\/gas.math.cnrs.fr\/index.php?rest_route=\/wp\/v2\/pages\/29\/revisions\/671"}],"wp:attachment":[{"href":"https:\/\/gas.math.cnrs.fr\/index.php?rest_route=%2Fwp%2Fv2%2Fmedia&parent=29"}],"curies":[{"name":"wp","href":"https:\/\/api.w.org\/{rel}","templated":true}]}}