{"id":270,"date":"2024-11-12T21:34:35","date_gmt":"2024-11-12T20:34:35","guid":{"rendered":"https:\/\/gas.math.cnrs.fr\/?page_id=270"},"modified":"2025-10-27T09:33:20","modified_gmt":"2025-10-27T08:33:20","slug":"2026-events","status":"publish","type":"page","link":"https:\/\/gas.math.cnrs.fr\/?page_id=270&lang=en","title":{"rendered":"2026 Events"},"content":{"rendered":"\n<h4 class=\"wp-block-heading\"><strong>The 2026 Annual Meeting<\/strong><\/h4>\n\n\n\n<p>The 2026 meeting will be held at CIRM from <strong>November 02-06<\/strong>, organised by B. Cadorel, T. Delcroix &amp; E. Mazzon..<\/p>\n\n\n\n<p>Four mini-courses will be given by Mirko Mauri, Mircea Musta\u021b\u0103, Sarah Scherotzke and Julia Schneider. The program will be supplemented by research presentations following a call for proposals in early 2026.<\/p>\n\n\n\n<p>The meeting webpage: https:\/\/conferences.cirm-math.fr\/<\/p>\n\n\n\n<h4 class=\"wp-block-heading\"><strong>The 2026 RT Days<\/strong><\/h4>\n\n\n\n<p>TBA<\/p>\n\n\n\n<h4 class=\"wp-block-heading\"><strong>List of events supported by the RT in 2026<\/strong><\/h4>\n\n\n\n<ul class=\"wp-block-list\">\n<li>9\u201313 Mars, <strong><strong><a href=\"https:\/\/winterbraids.math.cnrs.fr\/archive\/winterbraids15\/\">Winterbraids XV<\/a><\/strong><\/strong>, Aix-Marseille Universit\u00e9<\/li>\n\n\n\n<li>12-13 Mars, <strong>Algebraic Statistics<\/strong>, Lille.<\/li>\n\n\n\n<li>13-17 Mars,<strong> <em><strong><a href=\"https:\/\/conferences.cirm-math.fr\/3488.html\">Anneaux de Cox et applications<\/a><\/strong><\/em><\/strong>, CIRM.<\/li>\n\n\n\n<li>Mai, <strong>conf\u00e9rence \u00e0 la m\u00e9moire de Mihai Tibar<\/strong>, Lille.<\/li>\n\n\n\n<li>28-29 Mai, <strong>Feuilletages et g\u00e9om\u00e9trie complexe<\/strong>, Strasbourg.<\/li>\n\n\n\n<li>15-19 Juin, <strong><strong><a href=\"https:\/\/www.mathconf.org\/snatg2026\">Singular, tropical and non-archimedean interactions<\/a><\/strong><\/strong>, Lille.<\/li>\n\n\n\n<li>22-26 Juin, <strong><a href=\"https:\/\/www.mathconf.org\/giq2026\"><strong>Geometry of instantons and quivers<\/strong><\/a><\/strong>, Lille.<\/li>\n\n\n\n<li>29 juin au 3 juillet, <strong>GAeL XXXIII<\/strong>, Leiden.<\/li>\n\n\n\n<li>31 ao\u00fbt au 4 septembre, <strong>conFerence on Algebraic Varieties OveR fIniTe fiElds<\/strong>, centre IGESA de Porquerolles.<\/li>\n\n\n\n<li>14-25 Septembre, <strong>Workshop International de G\u00e9om\u00e9trie Alg\u00e9brique R\u00e9elle<\/strong>, Lyon.<\/li>\n\n\n\n<li>23-27 November, <strong>Real analytic geometry and singularity theory<\/strong>, CIRM.<\/li>\n<\/ul>\n","protected":false},"excerpt":{"rendered":"<p>The 2026 Annual Meeting The 2026 meeting will be held at CIRM from November 02-06, organised by B. Cadorel, T. Delcroix &amp; E. Mazzon.. Four mini-courses will be given by Mirko Mauri, Mircea Musta\u021b\u0103, Sarah Scherotzke and Julia Schneider. The program will be supplemented by research presentations following a call for proposals in early 2026. [&hellip;]<\/p>\n","protected":false},"author":1,"featured_media":0,"parent":0,"menu_order":0,"comment_status":"closed","ping_status":"closed","template":"","meta":{"footnotes":""},"class_list":["post-270","page","type-page","status-publish","hentry"],"_links":{"self":[{"href":"https:\/\/gas.math.cnrs.fr\/index.php?rest_route=\/wp\/v2\/pages\/270","targetHints":{"allow":["GET"]}}],"collection":[{"href":"https:\/\/gas.math.cnrs.fr\/index.php?rest_route=\/wp\/v2\/pages"}],"about":[{"href":"https:\/\/gas.math.cnrs.fr\/index.php?rest_route=\/wp\/v2\/types\/page"}],"author":[{"embeddable":true,"href":"https:\/\/gas.math.cnrs.fr\/index.php?rest_route=\/wp\/v2\/users\/1"}],"replies":[{"embeddable":true,"href":"https:\/\/gas.math.cnrs.fr\/index.php?rest_route=%2Fwp%2Fv2%2Fcomments&post=270"}],"version-history":[{"count":10,"href":"https:\/\/gas.math.cnrs.fr\/index.php?rest_route=\/wp\/v2\/pages\/270\/revisions"}],"predecessor-version":[{"id":769,"href":"https:\/\/gas.math.cnrs.fr\/index.php?rest_route=\/wp\/v2\/pages\/270\/revisions\/769"}],"wp:attachment":[{"href":"https:\/\/gas.math.cnrs.fr\/index.php?rest_route=%2Fwp%2Fv2%2Fmedia&parent=270"}],"curies":[{"name":"wp","href":"https:\/\/api.w.org\/{rel}","templated":true}]}}