{"id":27,"date":"2023-12-22T17:01:30","date_gmt":"2023-12-22T16:01:30","guid":{"rendered":"https:\/\/gas.math.cnrs.fr\/?page_id=27"},"modified":"2025-05-16T10:49:14","modified_gmt":"2025-05-16T08:49:14","slug":"evenements-2025","status":"publish","type":"page","link":"https:\/\/gas.math.cnrs.fr\/?page_id=27","title":{"rendered":"\u00c9v\u00e9nements 2025"},"content":{"rendered":"\n<h4 class=\"wp-block-heading\"><strong>La <a href=\"https:\/\/conferences.cirm-math.fr\/3197.html\">rencontre annuelle 2025<\/a><\/strong><\/h4>\n\n\n\n<p>La rencontre 2025 se tiendra au CIRM du&nbsp;<strong>27 janvier au 14 mars 2025,&nbsp;<\/strong>dans le cadre d&rsquo;un&nbsp;mois th\u00e9matique en th\u00e9orie des singularit\u00e9s&nbsp;organis\u00e9 par G. Rond.<\/p>\n\n\n\n<p>La rencontre comprend quatre conf\u00e9rences : M\u00e9thodes logarithmiques et non-archim\u00e9diennes en th\u00e9orie des singularit\u00e9s (du 27 au 31 Janvier); Feuilletages, g\u00e9om\u00e9trie birationnelle et applications (du 3 au 7 F\u00e9vrier) ; G\u00e9om\u00e9trie mod\u00e9r\u00e9e (du 10 au 14 F\u00e9vrier) ; et Th\u00e9ories de Galois diff\u00e9rentielles et transcendance (du 17 au 21 F\u00e9vrier).<\/p>\n\n\n\n<p>Pour plus d&rsquo;informations :&nbsp;<a href=\"https:\/\/conferences.cirm-math.fr\/3197.html\" target=\"_blank\" rel=\"noreferrer noopener\">https:\/\/conferences.cirm-math.fr\/3197.html<\/a><\/p>\n\n\n\n<h4 class=\"wp-block-heading\"><strong><strong>Listes d&rsquo;\u00e9v\u00e9nements soutenues par le RT en<\/strong> 2025<\/strong><\/h4>\n\n\n\n<ul class=\"wp-block-list\">\n<li>Conf\u00e9rence : <a href=\"https:\/\/winterbraids.math.cnrs.fr\/archive\/winterbraids14\/\"><strong>Winterbraids XIV<\/strong><\/a>, Bordeaux, <strong>3 &#8211; 6 February<\/strong>, organis\u00e9 par: L. B\u00e9nard, Y. Brunebarbe, V. Florens, \u00c9. Goujard, D. Nguyen, H. Queffelec.<\/li>\n\n\n\n<li>Conf\u00e9rence : <strong><a href=\"https:\/\/registration-25-summer-school-singularities.apps.math.cnrs.fr\/\"><\/a><a href=\"https:\/\/registration-25-summer-school-singularities.apps.math.cnrs.fr\/\">Singularities in low-dimensional and symplectic topology<\/a><\/strong>, Nantes, <strong>22-25 Avril<\/strong>, organis\u00e9e par F. Gironella, M. Golla and S. Guillermou.<\/li>\n\n\n\n<li>\u00c9cole et Conf\u00e9rence : <a href=\"https:\/\/www.lebesgue.fr\/en\/node\/4968\"><strong>Singularities in Algebraic Geometry<\/strong><\/a>, \u00e0 Rennes, du <strong>26 Mai au 13 Juin<\/strong>, organis\u00e9e par D. Bourqui, J.B. Campesato, G. Fichou, C. Mourougane et N. Dutertre.<\/li>\n\n\n\n<li>Conf\u00e9rence&nbsp;: <a href=\"https:\/\/conferences.cirm-math.fr\/3168.html\"><strong>Real algebraic geometry and Birational geometry<\/strong><\/a>, CIRM (Luminy), du <strong>2 au 6 Juin<\/strong> ; organis\u00e9e par M. Ancona, N. Bouchareb, I. Cheltsov, I. Itenberg, F. Mongolte, G. Rond.<\/li>\n\n\n\n<li>Conf\u00e9rence : <a href=\"https:\/\/www.mathconf.org\/gass2025\"><\/a><strong><a href=\"https:\/\/www.mathconf.org\/gass2025\">Group actions and symplectic singularities<\/a><\/strong>, Lille, <strong>02-06 juin<\/strong>, organis\u00e9e par B. Calmes, O. Seman et R. Terpereau.<\/li>\n\n\n\n<li>Conf\u00e9rence: <strong><a href=\"https:\/\/smf2025.sciencesconf.org\/\">Quatri\u00e8me congr\u00e8s de la SMF<\/a><\/strong>. La SMF organise son quatri\u00e8me congr\u00e8s \u00e0 l&rsquo;universit\u00e9 de Bourgogne (Dijon) du<strong> 2 au 6 juin 2025<\/strong>. Ce sera l&rsquo;occasion de r\u00e9unir la communaut\u00e9 math\u00e9matique fran\u00e7aise dans une conf\u00e9rence g\u00e9n\u00e9raliste. Il y aura en tout 60 orateurs. Il y aura des conf\u00e9renciers pl\u00e9niers le matin, des tables rondes sur des sujets m\u00e9langeant math\u00e9matiques et soci\u00e9t\u00e9, et des sessions th\u00e9matiques parall\u00e8les l&rsquo;apr\u00e8s midi. L&rsquo;une d&rsquo;entre elle portera sur la g\u00e9om\u00e9trie alg\u00e9brique. Organis\u00e9e par L. Moser Jauslin et T. Dreyfus.<\/li>\n\n\n\n<li>Conf\u00e9rence : <strong><a href=\"https:\/\/sites.google.com\/view\/gaelxxxii\/home\">GAeL XXXII<\/a><\/strong>, Institut de Math\u00e9matiques de Toulouse, du <strong>16 au 20 juin<\/strong> ; organis\u00e9e par F. Leonardi, S. Secci, S. Canino, P. Ablett, G. M\u00e9vel, A. Li, J. Meng, B. Dewer.<\/li>\n\n\n\n<li>Conf\u00e9rence : <a href=\"https:\/\/jtag-ljad.sciencesconf.org\/?lang=fr\"><strong>Jordan Types of Artinian Algebras and Geometry of Punctual Hilbert Schemes<\/strong><\/a>, Nice, <strong>23-27 juin<\/strong>, organis\u00e9e par N. Abdallah, L. Khatami, P. Macias Marques, C. McDaniel, C. Simpson, G. Todorov, J. Yam\u00e9ogo.<\/li>\n\n\n\n<li>Conf\u00e9rence : <a href=\"https:\/\/ddg40.sciencesconf.org\/\"><\/a><a href=\"https:\/\/ddg40.sciencesconf.org\/\"><strong><em>Structures alg\u00e9briques et ordonn\u00e9es<\/em><\/strong><\/a>, Banyuls-sur-mer, <strong>4-8 ao\u00fbt<\/strong>, organis\u00e9e par F. Delon, A. Deloro, M. Dickmann, D. Gondard et S. Rideau-Kikuchi.<\/li>\n\n\n\n<li>Conf\u00e9rence : <a href=\"http:\/\/Structures alg\u00e9briques et ordonn\u00e9es\"><strong><em>Around associators: from integrable systems to number theory<\/em><\/strong><\/a>, Les Diablerets, <strong>14-19 Septembre<\/strong>, organis\u00e9e par L. Bittmann, A. Brochier et D. Calaque.<\/li>\n<\/ul>\n\n\n\n<p><\/p>\n","protected":false},"excerpt":{"rendered":"<p>La rencontre annuelle 2025 La rencontre 2025 se tiendra au CIRM du&nbsp;27 janvier au 14 mars 2025,&nbsp;dans le cadre d&rsquo;un&nbsp;mois th\u00e9matique en th\u00e9orie des singularit\u00e9s&nbsp;organis\u00e9 par G. Rond. La rencontre comprend quatre conf\u00e9rences : M\u00e9thodes logarithmiques et non-archim\u00e9diennes en th\u00e9orie des singularit\u00e9s (du 27 au 31 Janvier); Feuilletages, g\u00e9om\u00e9trie birationnelle et applications (du 3 au [&hellip;]<\/p>\n","protected":false},"author":1,"featured_media":0,"parent":0,"menu_order":0,"comment_status":"closed","ping_status":"closed","template":"","meta":{"footnotes":""},"class_list":["post-27","page","type-page","status-publish","hentry"],"_links":{"self":[{"href":"https:\/\/gas.math.cnrs.fr\/index.php?rest_route=\/wp\/v2\/pages\/27","targetHints":{"allow":["GET"]}}],"collection":[{"href":"https:\/\/gas.math.cnrs.fr\/index.php?rest_route=\/wp\/v2\/pages"}],"about":[{"href":"https:\/\/gas.math.cnrs.fr\/index.php?rest_route=\/wp\/v2\/types\/page"}],"author":[{"embeddable":true,"href":"https:\/\/gas.math.cnrs.fr\/index.php?rest_route=\/wp\/v2\/users\/1"}],"replies":[{"embeddable":true,"href":"https:\/\/gas.math.cnrs.fr\/index.php?rest_route=%2Fwp%2Fv2%2Fcomments&post=27"}],"version-history":[{"count":27,"href":"https:\/\/gas.math.cnrs.fr\/index.php?rest_route=\/wp\/v2\/pages\/27\/revisions"}],"predecessor-version":[{"id":709,"href":"https:\/\/gas.math.cnrs.fr\/index.php?rest_route=\/wp\/v2\/pages\/27\/revisions\/709"}],"wp:attachment":[{"href":"https:\/\/gas.math.cnrs.fr\/index.php?rest_route=%2Fwp%2Fv2%2Fmedia&parent=27"}],"curies":[{"name":"wp","href":"https:\/\/api.w.org\/{rel}","templated":true}]}}