{"id":264,"date":"2024-11-12T21:33:44","date_gmt":"2024-11-12T20:33:44","guid":{"rendered":"https:\/\/gas.math.cnrs.fr\/?page_id=264"},"modified":"2026-02-03T10:36:32","modified_gmt":"2026-02-03T09:36:32","slug":"2026-budget","status":"publish","type":"page","link":"https:\/\/gas.math.cnrs.fr\/?page_id=264&lang=en","title":{"rendered":"2026 Budget"},"content":{"rendered":"\n<p>The budget for the year 2026 amounts to <strong>\u20ac37,000<\/strong>. Here is the projected budget:<\/p>\n\n\n\n<figure class=\"wp-block-table is-style-stripes\"><table><tbody><tr><td><strong>Nature<\/strong><\/td><td><strong>Event<\/strong><\/td><td><strong>Budget<\/strong><\/td><\/tr><tr><td>Conference<\/td><td>2026 Annual Meeting<\/td><td>19000\u20ac*<\/td><\/tr><tr><td>Conference<\/td><td>Algebraic Statistics<\/td><td>1000\u20ac<\/td><\/tr><tr><td>Conference<\/td><td>Algebraic Varieties Over Finite Fields<\/td><td>1000\u20ac<\/td><\/tr><tr><td>Conference<\/td><td>Feuilletages et g\u00e9om\u00e9trie complexe<\/td><td>1000\u20ac<\/td><\/tr><tr><td>Conference<\/td><td>Winterbraids XV<\/td><td>1000\u20ac<\/td><\/tr><tr><td>Conference<\/td><td>Singular, Tropical and Non-Archimedean Interactions<\/td><td>1000\u20ac<\/td><\/tr><tr><td>Conference<\/td><td>Conf\u00e9rence \u00e0 la m\u00e9moire de Mihai Tibar<\/td><td>1000\u20ac<\/td><\/tr><tr><td>Conference<\/td><td><a href=\"https:\/\/www.mathconf.org\/giq2026\">Geometry of instantons and quivers<\/a><\/td><td>1000\u20ac<\/td><\/tr><tr><td>Conference<\/td><td>Workshop International de G\u00e9om\u00e9trie Alg\u00e9brique R\u00e9elle<\/td><td>1000\u20ac<\/td><\/tr><tr><td>Conference<\/td><td>GAEL<\/td><td>2500\u20ac<\/td><\/tr><tr><td>Action Transversale<\/td><td>Axe EFI<\/td><td>5000\u20ac<\/td><\/tr><tr><td><strong>TOTAL<\/strong><\/td><td><\/td><td>34500\u20ac<\/td><\/tr><\/tbody><\/table><\/figure>\n\n\n\n<ul class=\"wp-block-list\">\n<li>The overall budget for the annual RT meeting and the RT Day is estimated at \u20ac24,000; the proposed breakdown may still change.<\/li>\n<\/ul>\n","protected":false},"excerpt":{"rendered":"<p>The budget for the year 2026 amounts to \u20ac37,000. Here is the projected budget: Nature Event Budget Conference 2026 Annual Meeting 19000\u20ac* Conference Algebraic Statistics 1000\u20ac Conference Algebraic Varieties Over Finite Fields 1000\u20ac Conference Feuilletages et g\u00e9om\u00e9trie complexe 1000\u20ac Conference Winterbraids XV 1000\u20ac Conference Singular, Tropical and Non-Archimedean Interactions 1000\u20ac Conference Conf\u00e9rence \u00e0 la m\u00e9moire [&hellip;]<\/p>\n","protected":false},"author":1,"featured_media":0,"parent":0,"menu_order":0,"comment_status":"closed","ping_status":"closed","template":"","meta":{"footnotes":""},"class_list":["post-264","page","type-page","status-publish","hentry"],"_links":{"self":[{"href":"https:\/\/gas.math.cnrs.fr\/index.php?rest_route=\/wp\/v2\/pages\/264","targetHints":{"allow":["GET"]}}],"collection":[{"href":"https:\/\/gas.math.cnrs.fr\/index.php?rest_route=\/wp\/v2\/pages"}],"about":[{"href":"https:\/\/gas.math.cnrs.fr\/index.php?rest_route=\/wp\/v2\/types\/page"}],"author":[{"embeddable":true,"href":"https:\/\/gas.math.cnrs.fr\/index.php?rest_route=\/wp\/v2\/users\/1"}],"replies":[{"embeddable":true,"href":"https:\/\/gas.math.cnrs.fr\/index.php?rest_route=%2Fwp%2Fv2%2Fcomments&post=264"}],"version-history":[{"count":10,"href":"https:\/\/gas.math.cnrs.fr\/index.php?rest_route=\/wp\/v2\/pages\/264\/revisions"}],"predecessor-version":[{"id":787,"href":"https:\/\/gas.math.cnrs.fr\/index.php?rest_route=\/wp\/v2\/pages\/264\/revisions\/787"}],"wp:attachment":[{"href":"https:\/\/gas.math.cnrs.fr\/index.php?rest_route=%2Fwp%2Fv2%2Fmedia&parent=264"}],"curies":[{"name":"wp","href":"https:\/\/api.w.org\/{rel}","templated":true}]}}