{"id":25,"date":"2023-12-22T17:01:10","date_gmt":"2023-12-22T16:01:10","guid":{"rendered":"https:\/\/gas.math.cnrs.fr\/?page_id=25"},"modified":"2024-11-22T16:28:08","modified_gmt":"2024-11-22T15:28:08","slug":"evenements-2024","status":"publish","type":"page","link":"https:\/\/gas.math.cnrs.fr\/?page_id=25","title":{"rendered":"\u00c9v\u00e9nements 2024"},"content":{"rendered":"\n<h4 class=\"wp-block-heading\"><strong>La rencontre annuelle 2024<\/strong><\/h4>\n\n\n\n<p>La rencontre a eu lieu au CIRM du 18 au 22 novembre 2024. Elle a \u00e9t\u00e9 organis\u00e9e par B. Cadorel, T. Delcroix et E. Floris.<\/p>\n\n\n\n<p>Les orateurs des mini-cours \u00e9taient O. Benoist, G. B\u00e9rczi, Y. Brunebarbe, C. Bonnaf\u00e9 et A.-M. Castravet.<\/p>\n\n\n\n<p>La&nbsp;page web&nbsp;de la conf\u00e9rence : <a href=\"https:\/\/conferences.cirm-math.fr\/3089.html\">https:\/\/conferences.cirm-math.fr\/3089.html<\/a><\/p>\n\n\n\n<h4 class=\"wp-block-heading\"><strong>Les journ\u00e9es du RT 2024<\/strong><\/h4>\n\n\n\n<p>Les journ\u00e9es ont eu lieu \u00e0 Paris du 30 septembre au 4 octobre 2024. Elles ont \u00e9t\u00e9 organis\u00e9es par A. Belotto, F. Bernard, H. Mourtada et M. Ruggiero.<\/p>\n\n\n\n<p>Les orateurs des mini-cours \u00e9taient A. Benito, S. Druel, F. Loray et F. Sanz.<\/p>\n\n\n\n<p>La&nbsp;page web&nbsp;de la conf\u00e9rence :&nbsp;<a href=\"https:\/\/singularityinparis.wordpress.com\/\">https:\/\/singularityinparis.wordpress.com\/<\/a><\/p>\n\n\n\n<h4 class=\"wp-block-heading\"><strong>Listes d&rsquo;\u00e9v\u00e9nements soutenues par le RT en 2024<\/strong><\/h4>\n\n\n\n<ul class=\"wp-block-list\">\n<li>Conf\u00e9rence : <a href=\"https:\/\/mgn-in-mpl.sciencesconf.org\/\" target=\"_blank\" rel=\"noreferrer noopener\"><strong>Topology and arithmetic of moduli spaces of curves<\/strong><\/a>, 13-17 May 2024 Montpellier, organis\u00e9e par D. Calaque, C. Dupont et J. Fres\u00e1n.<\/li>\n<\/ul>\n\n\n\n<p><\/p>\n","protected":false},"excerpt":{"rendered":"<p>La rencontre annuelle 2024 La rencontre a eu lieu au CIRM du 18 au 22 novembre 2024. Elle a \u00e9t\u00e9 organis\u00e9e par B. Cadorel, T. Delcroix et E. Floris. Les orateurs des mini-cours \u00e9taient O. Benoist, G. B\u00e9rczi, Y. Brunebarbe, C. Bonnaf\u00e9 et A.-M. Castravet. La&nbsp;page web&nbsp;de la conf\u00e9rence : https:\/\/conferences.cirm-math.fr\/3089.html Les journ\u00e9es du RT [&hellip;]<\/p>\n","protected":false},"author":1,"featured_media":0,"parent":0,"menu_order":0,"comment_status":"closed","ping_status":"closed","template":"","meta":{"footnotes":""},"class_list":["post-25","page","type-page","status-publish","hentry"],"_links":{"self":[{"href":"https:\/\/gas.math.cnrs.fr\/index.php?rest_route=\/wp\/v2\/pages\/25","targetHints":{"allow":["GET"]}}],"collection":[{"href":"https:\/\/gas.math.cnrs.fr\/index.php?rest_route=\/wp\/v2\/pages"}],"about":[{"href":"https:\/\/gas.math.cnrs.fr\/index.php?rest_route=\/wp\/v2\/types\/page"}],"author":[{"embeddable":true,"href":"https:\/\/gas.math.cnrs.fr\/index.php?rest_route=\/wp\/v2\/users\/1"}],"replies":[{"embeddable":true,"href":"https:\/\/gas.math.cnrs.fr\/index.php?rest_route=%2Fwp%2Fv2%2Fcomments&post=25"}],"version-history":[{"count":12,"href":"https:\/\/gas.math.cnrs.fr\/index.php?rest_route=\/wp\/v2\/pages\/25\/revisions"}],"predecessor-version":[{"id":467,"href":"https:\/\/gas.math.cnrs.fr\/index.php?rest_route=\/wp\/v2\/pages\/25\/revisions\/467"}],"wp:attachment":[{"href":"https:\/\/gas.math.cnrs.fr\/index.php?rest_route=%2Fwp%2Fv2%2Fmedia&parent=25"}],"curies":[{"name":"wp","href":"https:\/\/api.w.org\/{rel}","templated":true}]}}