{"id":219,"date":"2024-11-12T15:55:59","date_gmt":"2024-11-12T14:55:59","guid":{"rendered":"https:\/\/gas.math.cnrs.fr\/?page_id=219"},"modified":"2025-10-27T09:33:22","modified_gmt":"2025-10-27T08:33:22","slug":"evenements-2026","status":"publish","type":"page","link":"https:\/\/gas.math.cnrs.fr\/?page_id=219","title":{"rendered":"\u00c9v\u00e9nements 2026"},"content":{"rendered":"\n<h4 class=\"wp-block-heading\"><strong>La rencontre annuelle 2026<\/strong><\/h4>\n\n\n\n<p>La rencontre 2026 se tiendra au CIRM du <strong>02 au 06 novembre<\/strong>, organis\u00e9 B. Cadorel, T. Delcroix &amp; E. Mazzon.<\/p>\n\n\n\n<p>Quatre mini-cours seront donn\u00e9s par Mirko Mauri, Mircea Musta\u021b\u0103, Sarah Scherotzke et Julia Schneider. Le programme sera compl\u00e9t\u00e9 par des expos\u00e9s de recherche apr\u00e8s un appel \u00e0 propositions d\u00e9but 2026.<\/p>\n\n\n\n<p>La&nbsp;page web&nbsp;de la rencontre :&nbsp;https:\/\/conferences.cirm-math.fr\/<\/p>\n\n\n\n<h4 class=\"wp-block-heading\"><strong>Les journ\u00e9es du RT 2026<\/strong><\/h4>\n\n\n\n<p>TBA<\/p>\n\n\n\n<h4 class=\"wp-block-heading\"><strong><strong>Listes d&rsquo;\u00e9v\u00e9nements soutenues par le RT en<\/strong> 202<\/strong>6<\/h4>\n\n\n\n<ul class=\"wp-block-list\">\n<li>9\u201313 Mars, <strong><strong><a href=\"https:\/\/winterbraids.math.cnrs.fr\/archive\/winterbraids15\/\">Winterbraids XV<\/a><\/strong><\/strong>, Aix-Marseille Universit\u00e9<\/li>\n\n\n\n<li>12-13 Mars, <strong>Algebraic Statistics<\/strong>, Lille.<\/li>\n\n\n\n<li>13-17 Mars,<strong> <em><strong><a href=\"https:\/\/conferences.cirm-math.fr\/3488.html\">Anneaux de Cox et applications<\/a><\/strong><\/em><\/strong>, CIRM.<\/li>\n\n\n\n<li>Mai, <strong>conf\u00e9rence \u00e0 la m\u00e9moire de Mihai Tibar<\/strong>, Lille.<\/li>\n\n\n\n<li>28-29 Mai, <strong>Feuilletages et g\u00e9om\u00e9trie complexe<\/strong>, Strasbourg.<\/li>\n\n\n\n<li>1-5 Juin, <strong>Algebraic Geometry 2026<\/strong>, Monte Bondone\/Trento.<\/li>\n\n\n\n<li>15-19 Juin, <strong><strong><a href=\"https:\/\/www.mathconf.org\/snatg2026\">Singular, tropical and non-archimedean interactions<\/a><\/strong><\/strong>, Lille.<\/li>\n\n\n\n<li>22-26 Juin, <strong><a href=\"https:\/\/www.mathconf.org\/giq2026\"><strong>Geometry of instantons and quivers<\/strong><\/a><\/strong>, Lille.<\/li>\n\n\n\n<li>29 juin au 3 juillet, <strong>GAeL XXXIII<\/strong>, Leiden.<\/li>\n\n\n\n<li>31 ao\u00fbt au 4 septembre, <strong>conFerence on Algebraic Varieties OveR fIniTe fiElds<\/strong>, centre IGESA de Porquerolles.<\/li>\n\n\n\n<li>14-25 Septembre, <strong>Workshop International de G\u00e9om\u00e9trie Alg\u00e9brique R\u00e9elle<\/strong>, Lyon.<\/li>\n\n\n\n<li>23-27 Novembre, <strong>Real analytic geometry and singularity theory<\/strong>, CIRM.<br><\/li>\n<\/ul>\n\n\n\n<p><\/p>\n","protected":false},"excerpt":{"rendered":"<p>La rencontre annuelle 2026 La rencontre 2026 se tiendra au CIRM du 02 au 06 novembre, organis\u00e9 B. Cadorel, T. Delcroix &amp; E. Mazzon. Quatre mini-cours seront donn\u00e9s par Mirko Mauri, Mircea Musta\u021b\u0103, Sarah Scherotzke et Julia Schneider. Le programme sera compl\u00e9t\u00e9 par des expos\u00e9s de recherche apr\u00e8s un appel \u00e0 propositions d\u00e9but 2026. La&nbsp;page [&hellip;]<\/p>\n","protected":false},"author":1,"featured_media":0,"parent":0,"menu_order":0,"comment_status":"closed","ping_status":"closed","template":"","meta":{"footnotes":""},"class_list":["post-219","page","type-page","status-publish","hentry"],"_links":{"self":[{"href":"https:\/\/gas.math.cnrs.fr\/index.php?rest_route=\/wp\/v2\/pages\/219","targetHints":{"allow":["GET"]}}],"collection":[{"href":"https:\/\/gas.math.cnrs.fr\/index.php?rest_route=\/wp\/v2\/pages"}],"about":[{"href":"https:\/\/gas.math.cnrs.fr\/index.php?rest_route=\/wp\/v2\/types\/page"}],"author":[{"embeddable":true,"href":"https:\/\/gas.math.cnrs.fr\/index.php?rest_route=\/wp\/v2\/users\/1"}],"replies":[{"embeddable":true,"href":"https:\/\/gas.math.cnrs.fr\/index.php?rest_route=%2Fwp%2Fv2%2Fcomments&post=219"}],"version-history":[{"count":9,"href":"https:\/\/gas.math.cnrs.fr\/index.php?rest_route=\/wp\/v2\/pages\/219\/revisions"}],"predecessor-version":[{"id":770,"href":"https:\/\/gas.math.cnrs.fr\/index.php?rest_route=\/wp\/v2\/pages\/219\/revisions\/770"}],"wp:attachment":[{"href":"https:\/\/gas.math.cnrs.fr\/index.php?rest_route=%2Fwp%2Fv2%2Fmedia&parent=219"}],"curies":[{"name":"wp","href":"https:\/\/api.w.org\/{rel}","templated":true}]}}