{"id":214,"date":"2024-11-12T15:53:19","date_gmt":"2024-11-12T14:53:19","guid":{"rendered":"https:\/\/gas.math.cnrs.fr\/?page_id=214"},"modified":"2026-02-03T10:36:29","modified_gmt":"2026-02-03T09:36:29","slug":"budget-2026","status":"publish","type":"page","link":"https:\/\/gas.math.cnrs.fr\/?page_id=214","title":{"rendered":"Budget 2026"},"content":{"rendered":"\n<p>Le budget pour l&rsquo;ann\u00e9e 2026 s&rsquo;\u00e9l\u00e8ve \u00e0 <strong>37000\u20ac<\/strong>. Voici le budget pr\u00e9visionnel :<br><\/p>\n\n\n\n<figure class=\"wp-block-table is-style-stripes\"><table><tbody><tr><td><strong>Nature<\/strong><\/td><td><strong>Ev\u00e8nement<\/strong><\/td><td><strong>Budget<\/strong><\/td><\/tr><tr><td>Conf\u00e9rence<\/td><td>Rencontre Annuelle RT<\/td><td>19000\u20ac*<\/td><\/tr><tr><td>Conf\u00e9rence<\/td><td>Algebraic Statistics<\/td><td>1000\u20ac<\/td><\/tr><tr><td>Conf\u00e9rence<\/td><td>Algebraic Varieties Over Finite Fields<\/td><td>1000\u20ac<\/td><\/tr><tr><td>Conf\u00e9rence<\/td><td>Feuilletages et g\u00e9om\u00e9trie complexe<\/td><td>1000\u20ac<\/td><\/tr><tr><td>Conf\u00e9rence<\/td><td>Winterbraids XV<\/td><td>1000\u20ac<\/td><\/tr><tr><td>Conf\u00e9rence<\/td><td>Singular, Tropical and Non-Archimedean Interactions<\/td><td>1000\u20ac<\/td><\/tr><tr><td>Conf\u00e9rence<\/td><td>Conf\u00e9rence \u00e0 la m\u00e9moire de Mihai Tibar<\/td><td>1000\u20ac<\/td><\/tr><tr><td>Conf\u00e9rence<\/td><td><a href=\"https:\/\/www.mathconf.org\/giq2026\">Geometry of instantons and quivers<\/a><\/td><td>1000\u20ac<\/td><\/tr><tr><td>Conf\u00e9rence<\/td><td>Workshop International de G\u00e9om\u00e9trie Alg\u00e9brique R\u00e9elle<\/td><td>1000\u20ac<\/td><\/tr><tr><td>Conf\u00e9rence<\/td><td>GAEL<\/td><td>2500\u20ac<\/td><\/tr><tr><td>Action Transversale<\/td><td>Axe EFI<\/td><td>5000\u20ac<\/td><\/tr><tr><td><strong>TOTAL<\/strong><\/td><td><\/td><td>34500\u20ac<\/td><\/tr><\/tbody><\/table><\/figure>\n\n\n\n<ul class=\"wp-block-list\">\n<li>Le budget global pour la rencontre annuelle RT et la Journ\u00e9e RT est estim\u00e9 \u00e0 24 000\u20ac; le d\u00e9coupage propos\u00e9 pourra encore \u00e9voluer.<\/li>\n<\/ul>\n\n\n\n<p><\/p>\n","protected":false},"excerpt":{"rendered":"<p>Le budget pour l&rsquo;ann\u00e9e 2026 s&rsquo;\u00e9l\u00e8ve \u00e0 37000\u20ac. Voici le budget pr\u00e9visionnel : Nature Ev\u00e8nement Budget Conf\u00e9rence Rencontre Annuelle RT 19000\u20ac* Conf\u00e9rence Algebraic Statistics 1000\u20ac Conf\u00e9rence Algebraic Varieties Over Finite Fields 1000\u20ac Conf\u00e9rence Feuilletages et g\u00e9om\u00e9trie complexe 1000\u20ac Conf\u00e9rence Winterbraids XV 1000\u20ac Conf\u00e9rence Singular, Tropical and Non-Archimedean Interactions 1000\u20ac Conf\u00e9rence Conf\u00e9rence \u00e0 la m\u00e9moire de [&hellip;]<\/p>\n","protected":false},"author":1,"featured_media":0,"parent":0,"menu_order":0,"comment_status":"closed","ping_status":"closed","template":"","meta":{"footnotes":""},"class_list":["post-214","page","type-page","status-publish","hentry"],"_links":{"self":[{"href":"https:\/\/gas.math.cnrs.fr\/index.php?rest_route=\/wp\/v2\/pages\/214","targetHints":{"allow":["GET"]}}],"collection":[{"href":"https:\/\/gas.math.cnrs.fr\/index.php?rest_route=\/wp\/v2\/pages"}],"about":[{"href":"https:\/\/gas.math.cnrs.fr\/index.php?rest_route=\/wp\/v2\/types\/page"}],"author":[{"embeddable":true,"href":"https:\/\/gas.math.cnrs.fr\/index.php?rest_route=\/wp\/v2\/users\/1"}],"replies":[{"embeddable":true,"href":"https:\/\/gas.math.cnrs.fr\/index.php?rest_route=%2Fwp%2Fv2%2Fcomments&post=214"}],"version-history":[{"count":10,"href":"https:\/\/gas.math.cnrs.fr\/index.php?rest_route=\/wp\/v2\/pages\/214\/revisions"}],"predecessor-version":[{"id":786,"href":"https:\/\/gas.math.cnrs.fr\/index.php?rest_route=\/wp\/v2\/pages\/214\/revisions\/786"}],"wp:attachment":[{"href":"https:\/\/gas.math.cnrs.fr\/index.php?rest_route=%2Fwp%2Fv2%2Fmedia&parent=214"}],"curies":[{"name":"wp","href":"https:\/\/api.w.org\/{rel}","templated":true}]}}