{"id":13,"date":"2023-12-22T16:59:03","date_gmt":"2023-12-22T15:59:03","guid":{"rendered":"https:\/\/gas.math.cnrs.fr\/?page_id=13"},"modified":"2024-11-28T12:05:41","modified_gmt":"2024-11-28T11:05:41","slug":"budget-2024","status":"publish","type":"page","link":"https:\/\/gas.math.cnrs.fr\/?page_id=13","title":{"rendered":"Budget 2024"},"content":{"rendered":"\n<p>Le budget pour l&rsquo;ann\u00e9e 2024 s&rsquo;\u00e9levait \u00e0 <strong>37 000 \u20ac<\/strong>. Voici la r\u00e9partition approximative :<br><\/p>\n\n\n\n<figure class=\"wp-block-table is-style-stripes\"><table><tbody><tr><td><strong>Nature<\/strong><\/td><td><strong>Ev\u00e8nement<\/strong><\/td><td><strong>Budget<\/strong><\/td><\/tr><tr><td>Conf\u00e9rence<\/td><td><a href=\"https:\/\/conferences.cirm-math.fr\/3089.html\">Rencontre Annuelle RT<\/a> 2024<\/td><td>19000\u20ac<\/td><\/tr><tr><td>Conf\u00e9rence<\/td><td><a href=\"https:\/\/conferences.cirm-math.fr\/3197.html\">Rencontre Annuelle RT<\/a> 2025<\/td><td>3000\u20ac<\/td><\/tr><tr><td>Conf\u00e9rence<\/td><td><a href=\"https:\/\/singularityinparis.wordpress.com\/\">Journ\u00e9e RT<\/a><\/td><td>5900\u20ac<\/td><\/tr><tr><td>Action Transversale<\/td><td><a href=\"https:\/\/efi.math.cnrs.fr\/accueil.html\">Axe EFI<\/a><\/td><td>3600\u20ac*<\/td><\/tr><tr><td>Conf\u00e9rence<\/td><td><a href=\"https:\/\/mgn-in-mpl.sciencesconf.org\/\" target=\"_blank\" rel=\"noreferrer noopener\">Topology and arithmetic of moduli spaces of curves<\/a><\/td><td>1500\u20ac<\/td><\/tr><tr><td>Conf\u00e9rence<\/td><td><a href=\"https:\/\/conferences.cirm-math.fr\/3168.html\">Real algebraic geometry and Birational geometry<\/a><\/td><td>3000\u20ac<\/td><\/tr><tr><td>Conf\u00e9rence<\/td><td><a href=\"https:\/\/winterbraids.math.cnrs.fr\/archive\/winterbraids14\/\">Winterbraids XIV<\/a><\/td><td>1000\u20ac<\/td><\/tr><tr><td><strong>TOTAL<\/strong><\/td><td><\/td><td>37000\u20ac<\/td><\/tr><\/tbody><\/table><\/figure>\n\n\n\n<ul class=\"wp-block-list\">\n<li>Le budget initial de l&rsquo;axe EFI s&rsquo;\u00e9levait \u00e0 5000 euros. En fin d&rsquo;ann\u00e9e 2024, une contribution de 1400 euros a \u00e9t\u00e9 allou\u00e9e \u00e0 la conf\u00e9rence RT 2025, entra\u00eenant ainsi la r\u00e9partition actuelle du budget.<\/li>\n<\/ul>\n","protected":false},"excerpt":{"rendered":"<p>Le budget pour l&rsquo;ann\u00e9e 2024 s&rsquo;\u00e9levait \u00e0 37 000 \u20ac. Voici la r\u00e9partition approximative : Nature Ev\u00e8nement Budget Conf\u00e9rence Rencontre Annuelle RT 2024 19000\u20ac Conf\u00e9rence Rencontre Annuelle RT 2025 3000\u20ac Conf\u00e9rence Journ\u00e9e RT 5900\u20ac Action Transversale Axe EFI 3600\u20ac* Conf\u00e9rence Topology and arithmetic of moduli spaces of curves 1500\u20ac Conf\u00e9rence Real algebraic geometry and Birational [&hellip;]<\/p>\n","protected":false},"author":1,"featured_media":0,"parent":0,"menu_order":0,"comment_status":"closed","ping_status":"closed","template":"","meta":{"footnotes":""},"class_list":["post-13","page","type-page","status-publish","hentry"],"_links":{"self":[{"href":"https:\/\/gas.math.cnrs.fr\/index.php?rest_route=\/wp\/v2\/pages\/13","targetHints":{"allow":["GET"]}}],"collection":[{"href":"https:\/\/gas.math.cnrs.fr\/index.php?rest_route=\/wp\/v2\/pages"}],"about":[{"href":"https:\/\/gas.math.cnrs.fr\/index.php?rest_route=\/wp\/v2\/types\/page"}],"author":[{"embeddable":true,"href":"https:\/\/gas.math.cnrs.fr\/index.php?rest_route=\/wp\/v2\/users\/1"}],"replies":[{"embeddable":true,"href":"https:\/\/gas.math.cnrs.fr\/index.php?rest_route=%2Fwp%2Fv2%2Fcomments&post=13"}],"version-history":[{"count":25,"href":"https:\/\/gas.math.cnrs.fr\/index.php?rest_route=\/wp\/v2\/pages\/13\/revisions"}],"predecessor-version":[{"id":526,"href":"https:\/\/gas.math.cnrs.fr\/index.php?rest_route=\/wp\/v2\/pages\/13\/revisions\/526"}],"wp:attachment":[{"href":"https:\/\/gas.math.cnrs.fr\/index.php?rest_route=%2Fwp%2Fv2%2Fmedia&parent=13"}],"curies":[{"name":"wp","href":"https:\/\/api.w.org\/{rel}","templated":true}]}}